{"id":124,"date":"2019-10-20T14:33:49","date_gmt":"2019-10-20T14:33:49","guid":{"rendered":"http:\/\/hsf93.de\/?page_id=124"},"modified":"2020-06-11T13:49:46","modified_gmt":"2020-06-11T13:49:46","slug":"agility","status":"publish","type":"page","link":"http:\/\/hsf93.de\/?page_id=124","title":{"rendered":"Agility"},"content":{"rendered":"\n<div class=\"wp-block-group\"><div class=\"wp-block-group__inner-container is-layout-flow wp-block-group-is-layout-flow\">\n<figure class=\"wp-block-image size-large\"><img loading=\"lazy\" decoding=\"async\" width=\"1024\" height=\"421\" src=\"http:\/\/hsf93.de\/wp-content\/uploads\/2020\/06\/Krefeld_Jeanne2-1024x421.jpg\" alt=\"\" class=\"wp-image-535\" srcset=\"http:\/\/hsf93.de\/wp-content\/uploads\/2020\/06\/Krefeld_Jeanne2-1024x421.jpg 1024w, http:\/\/hsf93.de\/wp-content\/uploads\/2020\/06\/Krefeld_Jeanne2-300x123.jpg 300w, http:\/\/hsf93.de\/wp-content\/uploads\/2020\/06\/Krefeld_Jeanne2-768x316.jpg 768w, http:\/\/hsf93.de\/wp-content\/uploads\/2020\/06\/Krefeld_Jeanne2-1536x632.jpg 1536w, http:\/\/hsf93.de\/wp-content\/uploads\/2020\/06\/Krefeld_Jeanne2-2048x843.jpg 2048w, http:\/\/hsf93.de\/wp-content\/uploads\/2020\/06\/Krefeld_Jeanne2-1600x658.jpg 1600w\" sizes=\"auto, (max-width: 1024px) 100vw, 1024px\" \/><\/figure>\n<\/div><\/div>\n\n\n\n<figure class=\"wp-block-table\"><table class=\"\"><tbody><tr><td><strong>Agility ist eine Hundesportart, die im Ursprung aus England stammt.<\/strong><br>Frei nach dem Duden \u00fcbersetzt:<br> <strong>Agi|li|ty         (Agi|li|t\u00e4t)<br> <br><\/strong>hervorgegangen aus dem lateinischen agilitas, was so viel hei\u00dft wie \u00abBeweglichkeit, Schnelligkeit\u00bb beschreibt eine temperamentbedingte Beweglichkeit, Lebendigkeit, Regsamkeit. Soweit zur \u00dcbersetzung.<\/td><\/tr><tr><td><br><strong><em>Aber was hei\u00dft Agility im Hundesport?<br><\/em><\/strong>Das hei\u00dft viel Spa\u00df f\u00fcr Hund und Herrchen. <br>Vorraussetzung hierf\u00fcr ist allerdings ein harmonisches Zusammenspiel <br>zwischen Hund und Hundef\u00fchrer. Beim Agility gilt es den Hund schnellstm\u00f6glich fehlerfrei durch einen individuellen Parcours zu &#8222;steuern&#8220;, <br>wobei die Kommunikation zum Hund nur durch Stimme und Zeichen<br>erfolgen darf. Es werden Hindernisse \u00fcbersprungen, Tunnel durchlaufen, Wippen \u00fcberquert und sogar ein Slalom muss bew\u00e4ltigt werden.<br>Agility ist eine hervorragende M\u00f6glichkeit aktive Hunde k\u00f6rperlich und geistig auszulasten. Viele Hunde haben gro\u00dfe Freude daran.<br><br><strong>Wir trainieren sowohl einfach nur zum Spa\u00df, als auch f\u00fcr die Teilnahme an Turnieren.<br><\/strong><br>Haben wir Dein Interesse geweckt?<br>Dann schau doch einfach mal auf unserem \u00dcbungsgel\u00e4nde vorbei.<br><br><strong>Falls Du noch Fragen hast, schicke<\/strong> <strong>auch gerne eine Email an:<\/strong><br><a href=\"meilto:ausbilder@hsf93.de\">ausbilder@hsf93.de<\/a><\/td><\/tr><\/tbody><\/table><\/figure>\n\n\n\n<figure class=\"wp-block-embed-youtube wp-block-embed is-type-video is-provider-youtube wp-embed-aspect-16-9 wp-has-aspect-ratio\"><div class=\"wp-block-embed__wrapper\">\n<iframe loading=\"lazy\" title=\"Agility-Turnier A1\" width=\"688\" height=\"387\" src=\"https:\/\/www.youtube.com\/embed\/A7Aq-F3cL-Q?feature=oembed\" frameborder=\"0\" allow=\"accelerometer; autoplay; encrypted-media; gyroscope; picture-in-picture\" allowfullscreen><\/iframe>\n<\/div><\/figure>\n","protected":false},"excerpt":{"rendered":"<p>Agility ist eine Hundesportart, die im Ursprung aus England stammt.Frei nach dem Duden \u00fcbersetzt: Agi|li|ty (Agi|li|t\u00e4t) hervorgegangen aus dem lateinischen&hellip;<\/p>\n","protected":false},"author":1,"featured_media":0,"parent":0,"menu_order":0,"comment_status":"closed","ping_status":"closed","template":"","meta":{"footnotes":""},"class_list":["post-124","page","type-page","status-publish","hentry"],"jetpack_sharing_enabled":true,"_links":{"self":[{"href":"http:\/\/hsf93.de\/index.php?rest_route=\/wp\/v2\/pages\/124","targetHints":{"allow":["GET"]}}],"collection":[{"href":"http:\/\/hsf93.de\/index.php?rest_route=\/wp\/v2\/pages"}],"about":[{"href":"http:\/\/hsf93.de\/index.php?rest_route=\/wp\/v2\/types\/page"}],"author":[{"embeddable":true,"href":"http:\/\/hsf93.de\/index.php?rest_route=\/wp\/v2\/users\/1"}],"replies":[{"embeddable":true,"href":"http:\/\/hsf93.de\/index.php?rest_route=%2Fwp%2Fv2%2Fcomments&post=124"}],"version-history":[{"count":16,"href":"http:\/\/hsf93.de\/index.php?rest_route=\/wp\/v2\/pages\/124\/revisions"}],"predecessor-version":[{"id":553,"href":"http:\/\/hsf93.de\/index.php?rest_route=\/wp\/v2\/pages\/124\/revisions\/553"}],"wp:attachment":[{"href":"http:\/\/hsf93.de\/index.php?rest_route=%2Fwp%2Fv2%2Fmedia&parent=124"}],"curies":[{"name":"wp","href":"https:\/\/api.w.org\/{rel}","templated":true}]}}