{"id":126,"date":"2019-10-20T14:33:49","date_gmt":"2019-10-20T14:33:49","guid":{"rendered":"http:\/\/hsf93.de\/?page_id=126"},"modified":"2020-06-11T13:43:13","modified_gmt":"2020-06-11T13:43:13","slug":"welpen","status":"publish","type":"page","link":"http:\/\/hsf93.de\/?page_id=126","title":{"rendered":"Welpen &#038; Junghunde"},"content":{"rendered":"\n<figure class=\"wp-block-image alignwide size-large\"><img loading=\"lazy\" decoding=\"async\" width=\"1024\" height=\"441\" src=\"http:\/\/hsf93.de\/wp-content\/uploads\/2020\/06\/WelpenJunghunde-1024x441.jpg\" alt=\"\" class=\"wp-image-550\" srcset=\"http:\/\/hsf93.de\/wp-content\/uploads\/2020\/06\/WelpenJunghunde-1024x441.jpg 1024w, http:\/\/hsf93.de\/wp-content\/uploads\/2020\/06\/WelpenJunghunde-300x129.jpg 300w, http:\/\/hsf93.de\/wp-content\/uploads\/2020\/06\/WelpenJunghunde-768x331.jpg 768w, http:\/\/hsf93.de\/wp-content\/uploads\/2020\/06\/WelpenJunghunde-1536x662.jpg 1536w, http:\/\/hsf93.de\/wp-content\/uploads\/2020\/06\/WelpenJunghunde-1600x689.jpg 1600w, http:\/\/hsf93.de\/wp-content\/uploads\/2020\/06\/WelpenJunghunde.jpg 1920w\" sizes=\"auto, (max-width: 1024px) 100vw, 1024px\" \/><\/figure>\n\n\n\n<p>Die meisten Hunde kommen im Alter von 8-12 Wochen zu ihrer neuen Familie. Sie befinden sich mitten in der Sozialisierungsphase. Jetzt ist es an der Zeit, Deinem Vierbeiner die Welt zu zeigen, zu erkl\u00e4ren was er darf und was nicht \u2013 kurz,  die Erziehung beginnt. Unsere Ausbilderinnen und Ausbilder stehen Dir zur Seite, erarbeiten mit Dir in altersgerechten \u00dcbungen die \u201ewichtigen Dinge im  Hundeleben\u201c und beantworten Deine Fragen. Au\u00dferdem hat Dein Hund im Spiel mit Artgenossen die M\u00f6glichkeit, auch die h\u00fcndische Etikette zu erlernen.<\/p>\n\n\n\n<p>Je nach Rasse und Individuum folgt mit ca. 6 Monaten die Pubert\u00e4t. \u00c4hnlich wie beim menschlichen Teenager bringt diese so einige Verwirrung mit sich. Es erscheint, als h\u00e4tte Hund alles bisher Erlernte vergessen, ja m\u00f6glicherweise nie geh\u00f6rt. Au\u00dferdem verliert er seine kindliche Unbedarftheit &#8211; er wird erwachsen. Jetzt mit liebevoller Konsequenz in der Erziehung am Ball zu bleiben ist das A und O. Auch hier helfen Dir unsere Ausbilderinnen und Ausbilder mit der Vertiefung der bereits bekannten \u00dcbungen, diese m\u00f6glicherweise turbulente Zeit  durchzustehen und am Ende einen wohlerzogenen, fr\u00f6hlichen Vierbeiner als Partner zu haben.<\/p>\n\n\n\n<p>Nutze den Besuch auf dem \u00dcbungsgel\u00e4nde zur Teilnahme an einer \u00dcbungsstunde und zum Erfahrungsaustausch mit anderen Hundebesitzern, gem\u00fctlich bei einer Tasse Kaffee. <br>F\u00fcr Fragen zur Hundeerziehung und -haltung stehen Dir die Ausbilderinnen und Ausbilder ebenfalls gerne zur Verf\u00fcgung.<\/p>\n\n\n\n<p>Am Welpenkurs nehmen bei uns Hunde bis zum Alter von ca. 6 Monaten teil. Danach schlie\u00dft sich unsere Junghunde-Gruppe an.<\/p>\n\n\n\n<p>Selbstverst\u00e4ndlich h\u00f6rt die Ausbildung des Hundes nach einem Jahr nicht auf. Sprich uns gerne auf weitere Ausbildungs-M\u00f6glichkeiten an. <br>Bei Interesse kannst Du dich mit Deinem Hund beim Agility, Obedience, Rally Obedience oder Longieren sportlich bet\u00e4tigen. Auch f\u00fcr gem\u00fctlichere Teams findet sich immer ein interessantes Programm.<\/p>\n\n\n\n<p>F\u00fcr die Teilnahme am \u00dcbungsbetrieb und den Besuch bei uns ist es wichtig, dass:<\/p>\n\n\n\n<ul class=\"wp-block-list\"><li>Dein Hund, egal welcher Rasse, gesund und fit ist<\/li><li>Dein Hund geimpft ist<\/li><li>Dein Hund versichert (Tierhalterhaftpflicht) ist<\/li><\/ul>\n\n\n\n<p>Wenn Du uns mit oder vorab auch ohne Hund besuchen m\u00f6chtest, melde Dich gerne unter <a href=\"mailto:ausbilder@hsf93.de\">ausbilder@hsf93.de<\/a>. <\/p>\n","protected":false},"excerpt":{"rendered":"<p>Die meisten Hunde kommen im Alter von 8-12 Wochen zu ihrer neuen Familie. Sie befinden sich mitten in der Sozialisierungsphase.&hellip;<\/p>\n","protected":false},"author":1,"featured_media":0,"parent":0,"menu_order":0,"comment_status":"closed","ping_status":"closed","template":"","meta":{"footnotes":""},"class_list":["post-126","page","type-page","status-publish","hentry"],"jetpack_sharing_enabled":true,"_links":{"self":[{"href":"http:\/\/hsf93.de\/index.php?rest_route=\/wp\/v2\/pages\/126","targetHints":{"allow":["GET"]}}],"collection":[{"href":"http:\/\/hsf93.de\/index.php?rest_route=\/wp\/v2\/pages"}],"about":[{"href":"http:\/\/hsf93.de\/index.php?rest_route=\/wp\/v2\/types\/page"}],"author":[{"embeddable":true,"href":"http:\/\/hsf93.de\/index.php?rest_route=\/wp\/v2\/users\/1"}],"replies":[{"embeddable":true,"href":"http:\/\/hsf93.de\/index.php?rest_route=%2Fwp%2Fv2%2Fcomments&post=126"}],"version-history":[{"count":4,"href":"http:\/\/hsf93.de\/index.php?rest_route=\/wp\/v2\/pages\/126\/revisions"}],"predecessor-version":[{"id":551,"href":"http:\/\/hsf93.de\/index.php?rest_route=\/wp\/v2\/pages\/126\/revisions\/551"}],"wp:attachment":[{"href":"http:\/\/hsf93.de\/index.php?rest_route=%2Fwp%2Fv2%2Fmedia&parent=126"}],"curies":[{"name":"wp","href":"https:\/\/api.w.org\/{rel}","templated":true}]}}