{"id":110,"date":"2019-10-20T14:22:37","date_gmt":"2019-10-20T14:22:37","guid":{"rendered":"http:\/\/hsf93.de\/?page_id=110"},"modified":"2024-03-15T22:04:39","modified_gmt":"2024-03-15T22:04:39","slug":"gesamtvorstand","status":"publish","type":"page","link":"https:\/\/hsf93.de\/?page_id=110","title":{"rendered":"Gesamtvorstand"},"content":{"rendered":"\n<p>Der Gesamtvorstand setzt sich zusammen aus dem <a href=\"http:\/\/hsf93.de\/?page_id=108\"><strong>Gesch\u00e4ftsf\u00fchrenden Vorstand<\/strong> <\/a>und folgenden Personen:<\/p>\n\n\n\n<p><\/p>\n\n\n\n<hr class=\"wp-block-separator has-css-opacity\"\/>\n\n\n\n<hr class=\"wp-block-separator has-css-opacity\"\/>\n\n\n\n<div class=\"wp-block-media-text alignwide has-media-on-the-right is-stacked-on-mobile\" style=\"grid-template-columns:auto 20%\"><div class=\"wp-block-media-text__content\">\n<p style=\"font-size:24px\">Susanne Martinez<\/p>\n\n\n\n<p>Ausbilderin<\/p>\n\n\n\n<p>s.martinez@hsf93.de<\/p>\n\n\n\n<p><\/p>\n<\/div><figure class=\"wp-block-media-text__media\"><img loading=\"lazy\" decoding=\"async\" width=\"388\" height=\"388\" src=\"http:\/\/hsf93.de\/wp-content\/uploads\/2020\/04\/Susanne2-1.jpeg\" alt=\"\" class=\"wp-image-489 size-full\" srcset=\"https:\/\/hsf93.de\/wp-content\/uploads\/2020\/04\/Susanne2-1.jpeg 388w, https:\/\/hsf93.de\/wp-content\/uploads\/2020\/04\/Susanne2-1-300x300.jpeg 300w, https:\/\/hsf93.de\/wp-content\/uploads\/2020\/04\/Susanne2-1-150x150.jpeg 150w\" sizes=\"auto, (max-width: 388px) 100vw, 388px\" \/><\/figure><\/div>\n\n\n\n<hr class=\"wp-block-separator has-alpha-channel-opacity\"\/>\n\n\n\n<hr class=\"wp-block-separator has-css-opacity\"\/>\n\n\n\n<hr class=\"wp-block-separator has-css-opacity\"\/>\n\n\n\n<p style=\"font-size:24px\">J\u00fcrgen Thelen<\/p>\n\n\n\n<p>Ausbilder<\/p>\n\n\n\n<hr class=\"wp-block-separator has-alpha-channel-opacity\"\/>\n\n\n\n<hr class=\"wp-block-separator has-alpha-channel-opacity\"\/>\n\n\n\n<p style=\"font-size:24px\">Heinz Siegling<\/p>\n\n\n\n<p><\/p>\n","protected":false},"excerpt":{"rendered":"<p>Der Gesamtvorstand setzt sich zusammen aus dem Gesch\u00e4ftsf\u00fchrenden Vorstand und folgenden Personen: Susanne Martinez Ausbilderin s.martinez@hsf93.de J\u00fcrgen Thelen Ausbilder Heinz&hellip;<\/p>\n","protected":false},"author":1,"featured_media":0,"parent":0,"menu_order":0,"comment_status":"closed","ping_status":"closed","template":"","meta":{"footnotes":""},"class_list":["post-110","page","type-page","status-publish","hentry"],"jetpack_sharing_enabled":true,"_links":{"self":[{"href":"https:\/\/hsf93.de\/index.php?rest_route=\/wp\/v2\/pages\/110","targetHints":{"allow":["GET"]}}],"collection":[{"href":"https:\/\/hsf93.de\/index.php?rest_route=\/wp\/v2\/pages"}],"about":[{"href":"https:\/\/hsf93.de\/index.php?rest_route=\/wp\/v2\/types\/page"}],"author":[{"embeddable":true,"href":"https:\/\/hsf93.de\/index.php?rest_route=\/wp\/v2\/users\/1"}],"replies":[{"embeddable":true,"href":"https:\/\/hsf93.de\/index.php?rest_route=%2Fwp%2Fv2%2Fcomments&post=110"}],"version-history":[{"count":18,"href":"https:\/\/hsf93.de\/index.php?rest_route=\/wp\/v2\/pages\/110\/revisions"}],"predecessor-version":[{"id":836,"href":"https:\/\/hsf93.de\/index.php?rest_route=\/wp\/v2\/pages\/110\/revisions\/836"}],"wp:attachment":[{"href":"https:\/\/hsf93.de\/index.php?rest_route=%2Fwp%2Fv2%2Fmedia&parent=110"}],"curies":[{"name":"wp","href":"https:\/\/api.w.org\/{rel}","templated":true}]}}