{"id":128,"date":"2019-10-20T14:33:49","date_gmt":"2019-10-20T14:33:49","guid":{"rendered":"http:\/\/hsf93.de\/?page_id=128"},"modified":"2023-05-20T17:41:55","modified_gmt":"2023-05-20T17:41:55","slug":"obedience","status":"publish","type":"page","link":"https:\/\/hsf93.de\/?page_id=128","title":{"rendered":"Obedience"},"content":{"rendered":"\n<figure class=\"wp-block-image alignwide size-large\"><img loading=\"lazy\" decoding=\"async\" width=\"1024\" height=\"469\" src=\"https:\/\/hsf93.de\/wp-content\/uploads\/2020\/06\/ObePetraSprungApportel-1024x469.jpeg\" alt=\"\" class=\"wp-image-539\" srcset=\"https:\/\/hsf93.de\/wp-content\/uploads\/2020\/06\/ObePetraSprungApportel-1024x469.jpeg 1024w, https:\/\/hsf93.de\/wp-content\/uploads\/2020\/06\/ObePetraSprungApportel-300x138.jpeg 300w, https:\/\/hsf93.de\/wp-content\/uploads\/2020\/06\/ObePetraSprungApportel-768x352.jpeg 768w, https:\/\/hsf93.de\/wp-content\/uploads\/2020\/06\/ObePetraSprungApportel-1536x704.jpeg 1536w, https:\/\/hsf93.de\/wp-content\/uploads\/2020\/06\/ObePetraSprungApportel.jpeg 1588w\" sizes=\"auto, (max-width: 1024px) 100vw, 1024px\" \/><\/figure>\n\n\n\n<p>Obedience wird auch &#8222;die hohe Schule des Gehorsams&#8220; genannt. In dieser Sportart geht es um Perfektion in den Gehorsamkeits-\u00dcbungen.<br \/>F\u00fcr wen sich das jetzt langweilig und \u00f6de anh\u00f6rt, wird \u00fcberrascht sein welche Vielfalt an Aufgaben zu absolvieren ist. Viele Hunde sind mit Spa\u00df und Eifer dabei, was sowohl Hundef\u00fchrern als auch Zuschauern gro\u00dfe Freude bereitet.<br \/> <br \/>Denn das ist es, was Obedience auch ausmacht, Spa\u00df und Freude an der Zusammenarbeit.<br \/> <br \/> Zu den einzelnen \u00dcbungsteilen geh\u00f6ren je nach Leistungsklasse<\/p>\n\n\n\n<ul class=\"wp-block-list\">\n<li>Leinenf\u00fchrigkeit<\/li>\n\n\n\n<li>Fu\u00dfarbeit mit verschiedenen Winkeln und Wendungen, Tempowechseln,  vorw\u00e4rts, r\u00fcckw\u00e4rts und seitw\u00e4rts<\/li>\n\n\n\n<li>Die Positionen Sitz, Platz, Steh &#8211; sowohl aus der Bewegung als auch aus der  Distanz<\/li>\n\n\n\n<li>Senden in eine Box, gekennzeichnet durch vier Pylonen und ein Band<\/li>\n\n\n\n<li>Abrufen (in den h\u00f6heren Klassen dann auch mit Steh und Platz auf dieser  Strecke)<\/li>\n\n\n\n<li>Apportieren auf ebener Erde, \u00fcber eine H\u00fcrde, mit Richtungsanweisung von  Holz- und sp\u00e4ter auch Metallapporteln<\/li>\n\n\n\n<li>Geruchsidentifizierung eines H\u00f6lzchens mit dem Geruch des Hundef\u00fchrers aus diversen gleichartigen, neutralen H\u00f6lzern <\/li>\n<\/ul>\n\n\n\n<p>Vor jeder Einzel\u00fcbung steht in jeder Klasse die Gruppen\u00fcbung. Diese beinhaltet, je nach Leistungsklasse, Abliegen bzw. Sitzen in einer Reihe mit mehreren Hunden, w\u00e4hrend sich die Hundef\u00fchrer in Sicht oder aber auch au\u00dfer Sicht befinden. <br \/>In der Beginner-Klasse kommt hier noch das &#8222;Verhalten gegen\u00fcber anderen Hunden&#8220;, sowie das &#8222;Stehen und betasten&#8220; dazu.<br \/> <br \/> Weitere Informationen findest Du z.B. hier:  <a rel=\"noreferrer noopener\" href=\"http:\/\/www.dsv-dog.de\/Obedience\/ob_index.html\" target=\"_blank\"> http:\/\/www.dsv-dog.de\/Obedience\/ob_index.html<\/a> <br \/> oder im pers\u00f6nlichen Gespr\u00e4ch mit unseren Trainern.  <\/p>\n\n\n\n<p>Sollten wir Dein Interesse geweckt haben freuen wir uns \u00fcber deine Anfrage \u00fcber <a href=\"mailto:ausbilder@hsf93.de\">ausbilder@hsf93.de<\/a><\/p>\n","protected":false},"excerpt":{"rendered":"<p>Obedience wird auch &#8222;die hohe Schule des Gehorsams&#8220; genannt. In dieser Sportart geht es um Perfektion in den Gehorsamkeits-\u00dcbungen.F\u00fcr wen&hellip;<\/p>\n","protected":false},"author":1,"featured_media":0,"parent":0,"menu_order":0,"comment_status":"closed","ping_status":"closed","template":"","meta":{"footnotes":""},"class_list":["post-128","page","type-page","status-publish","hentry"],"jetpack_sharing_enabled":true,"_links":{"self":[{"href":"https:\/\/hsf93.de\/index.php?rest_route=\/wp\/v2\/pages\/128","targetHints":{"allow":["GET"]}}],"collection":[{"href":"https:\/\/hsf93.de\/index.php?rest_route=\/wp\/v2\/pages"}],"about":[{"href":"https:\/\/hsf93.de\/index.php?rest_route=\/wp\/v2\/types\/page"}],"author":[{"embeddable":true,"href":"https:\/\/hsf93.de\/index.php?rest_route=\/wp\/v2\/users\/1"}],"replies":[{"embeddable":true,"href":"https:\/\/hsf93.de\/index.php?rest_route=%2Fwp%2Fv2%2Fcomments&post=128"}],"version-history":[{"count":6,"href":"https:\/\/hsf93.de\/index.php?rest_route=\/wp\/v2\/pages\/128\/revisions"}],"predecessor-version":[{"id":781,"href":"https:\/\/hsf93.de\/index.php?rest_route=\/wp\/v2\/pages\/128\/revisions\/781"}],"wp:attachment":[{"href":"https:\/\/hsf93.de\/index.php?rest_route=%2Fwp%2Fv2%2Fmedia&parent=128"}],"curies":[{"name":"wp","href":"https:\/\/api.w.org\/{rel}","templated":true}]}}