{"id":129,"date":"2019-10-20T14:33:49","date_gmt":"2019-10-20T14:33:49","guid":{"rendered":"http:\/\/hsf93.de\/?page_id=129"},"modified":"2020-06-19T19:55:43","modified_gmt":"2020-06-19T19:55:43","slug":"rallyobedience","status":"publish","type":"page","link":"https:\/\/hsf93.de\/?page_id=129","title":{"rendered":"Rally Obedience"},"content":{"rendered":"\n<p>Rally Obedience ist eine Kombination aus Parcours und Obedience-\u00dcbungen. Dabei ist Pr\u00e4zision und Tempo gefragt. Der Hundef\u00fchrer durchl\u00e4uft mit seinem Hund einen vorgegebenen Parcours. Dazu hat er maximal 4 Minuten Zeit. <br><br>An jeder Station befindet sich ein Schild auf dem angegeben ist, was dort zu tun ist und in welche Richtung es weiter geht. Auf den Schildern stehen \u00dcbungen aus der Unterordnung, z.B.: Sitz &#8211; Platz &#8211; Steh &#8211; Grundstellung.<br>Es gibt 5 Klassen: Senioren &#8211; Beginner &#8211; Klasse 1 &#8211; Klasse 2 &#8211; Klasse 3 <br><br>Beim Lauf darf der Hund motiviert und belohnt, aber niemals angefasst oder mit der Hand korrigiert werden. Beim Rally Obedience steht der Spa\u00df mit dem Hund an erster Stelle. <\/p>\n\n\n\n<p>Wenn wir Dein Interesse geweckt haben, melde Dich gerne bei uns unter <a href=\"mailto:ausbilder@hsf93.de\">ausbilder@hsf93.de<\/a> f\u00fcr ein Probetraining an.<\/p>\n\n\n\n<figure class=\"wp-block-embed-youtube aligncenter wp-block-embed is-type-video is-provider-youtube wp-embed-aspect-4-3 wp-has-aspect-ratio\"><div class=\"wp-block-embed__wrapper\">\n<iframe loading=\"lazy\" title=\"VID 20200616 WA0022\" width=\"688\" height=\"516\" src=\"https:\/\/www.youtube.com\/embed\/QXTUqBUtQKk?feature=oembed\" frameborder=\"0\" allow=\"accelerometer; autoplay; encrypted-media; gyroscope; picture-in-picture\" allowfullscreen><\/iframe>\n<\/div><\/figure>\n","protected":false},"excerpt":{"rendered":"<p>Rally Obedience ist eine Kombination aus Parcours und Obedience-\u00dcbungen. Dabei ist Pr\u00e4zision und Tempo gefragt. Der Hundef\u00fchrer durchl\u00e4uft mit seinem&hellip;<\/p>\n","protected":false},"author":1,"featured_media":0,"parent":0,"menu_order":0,"comment_status":"closed","ping_status":"closed","template":"","meta":{"footnotes":""},"class_list":["post-129","page","type-page","status-publish","hentry"],"jetpack_sharing_enabled":true,"_links":{"self":[{"href":"https:\/\/hsf93.de\/index.php?rest_route=\/wp\/v2\/pages\/129","targetHints":{"allow":["GET"]}}],"collection":[{"href":"https:\/\/hsf93.de\/index.php?rest_route=\/wp\/v2\/pages"}],"about":[{"href":"https:\/\/hsf93.de\/index.php?rest_route=\/wp\/v2\/types\/page"}],"author":[{"embeddable":true,"href":"https:\/\/hsf93.de\/index.php?rest_route=\/wp\/v2\/users\/1"}],"replies":[{"embeddable":true,"href":"https:\/\/hsf93.de\/index.php?rest_route=%2Fwp%2Fv2%2Fcomments&post=129"}],"version-history":[{"count":9,"href":"https:\/\/hsf93.de\/index.php?rest_route=\/wp\/v2\/pages\/129\/revisions"}],"predecessor-version":[{"id":570,"href":"https:\/\/hsf93.de\/index.php?rest_route=\/wp\/v2\/pages\/129\/revisions\/570"}],"wp:attachment":[{"href":"https:\/\/hsf93.de\/index.php?rest_route=%2Fwp%2Fv2%2Fmedia&parent=129"}],"curies":[{"name":"wp","href":"https:\/\/api.w.org\/{rel}","templated":true}]}}