{"id":347,"date":"2019-11-03T12:18:20","date_gmt":"2019-11-03T12:18:20","guid":{"rendered":"http:\/\/hsf93.de\/?page_id=347"},"modified":"2025-06-30T12:06:46","modified_gmt":"2025-06-30T12:06:46","slug":"hsf93-impressum","status":"publish","type":"page","link":"https:\/\/hsf93.de\/?page_id=347","title":{"rendered":"Impressum"},"content":{"rendered":"\n<p><strong>Hundesportfreunde &#8217;93 Gangelt e.V. <br \/><\/strong>Bundesstra\u00dfe 11<br \/>52538 Gangelt<\/p>\n\n\n\n<p>Telefon:  02454 8589 oder 02451 68666<br \/>E-Mail:     <a href=\"mailto:info@hsf93.de\">info@hsf93.de<\/a><br \/>Internet:  www.hsf93.de<\/p>\n\n\n\n<p><strong><span style=\"text-decoration: underline;\">Vereinsgel\u00e4nde\/Platzanlage<\/span><\/strong><\/p>\n\n\n\n<p><strong>Ort:<\/strong>      52538 Gangelt \u2013 Hastenrath; Hofer Stra\u00dfe <br \/><strong>Lage:<\/strong>   Von Gangelt kommend fahren Sie Richtung Niederlande auf der B56.<br \/>Am Ortsausgang biegen Sie im Kreisverkehr rechts ab Richtung Hastenrath.<br \/>Folgen Sie der Stra\u00dfe und fahren Sie durch Hastenrath hindurch.<br \/>Nach dem Restaurant auf der rechten Seite fahren sie noch etwa 150 m weiter und biegen VOR dem Regenauffangbecken auf der linken Seite links ab (Schild HSF &#8217;93). Bei der n\u00e4chsten Gelegenheit biegen Sie rechts ab.<br \/>Direkt am Auffangbecken rechts vorbei verl\u00e4uft die Zufahrt zum Vereinsgel\u00e4nde.<\/p>\n\n\n\n<p>+++ <em>Bitte beachten Sie, dass \u00fcbliche Navigations-Apps Sie h\u00e4ufig zu einem Punkt AUF der Br\u00fccke f\u00fchren. Der Platz befindet sich aber an der Stra\u00dfe, die unter der Br\u00fccke hindurch f\u00fchrt.<\/em> +++<\/p>\n\n\n\n<p><span style=\"text-decoration: underline\"><strong>Vertretungsberechtigter Vorstand<\/strong><\/span><br \/><strong>1. Vorsitzender:   <\/strong> Otto Rabben <br \/><strong>Gesch\u00e4ftsf\u00fchrer:  <\/strong> <br \/><strong>Registergericht: <\/strong> Amtsgericht Aachen (Registerblatt VR 60328)<\/p>\n\n\n\n<p><strong><span style=\"text-decoration: underline;\">Haftungsausschluss<\/span><\/strong><br \/>Der Inhalt bzw. die Bereitstellung von Informationen auf dieser Website wird mit gr\u00f6\u00dftm\u00f6glicher Sorgfalt erstellt. Fehler in der Bearbeitung k\u00f6nnen nicht ausgeschlossen werden. Trotz sorgf\u00e4ltiger Pr\u00fcfung k\u00f6nnen wir f\u00fcr die Richtigkeit und  Vollst\u00e4ndigkeit, keine Haftung \u00fcbernehmen. <\/p>\n\n\n\n<p><strong><span style=\"text-decoration: underline;\">Links<\/span><\/strong><br \/>Verlinkungen auf andere Websites haben nur informativen Hintergrund. Auf die Gestaltung und Inhalte dieser Inhalte haben wir keinen Einfluss und \u00fcbernehmen daf\u00fcr auch keine Haftung.<\/p>\n\n\n\n<p><strong><span style=\"text-decoration: underline;\">Verbreitung<\/span><\/strong><br \/>Die Verbreitung von Inhalten oder Informationen auf dieser Website, auch auszugsweise ist nur f\u00fcr den Privatbereich gestattet. Weitere Verbreitungen oder Wiedergaben sind nur mit unserer schriftlichen Zustimmung gestattet.<\/p>\n\n\n\n<p><strong><span style=\"text-decoration: underline;\">Sonstiges<\/span><\/strong><br \/>Sollten Ausz\u00fcge aus den vorgenannten Klauseln ung\u00fcltig sein oder werden, werden die anderen davon nicht ber\u00fchrt und behalten ihre G\u00fcltigkeit. Wir behalten uns vor, \u00c4nderungen jederzeit und ohne Ank\u00fcndigung vorzunehmen.<\/p>\n\n\n\n<p><\/p>\n\n\n\n<p class=\"has-medium-font-size\"><strong><span style=\"text-decoration: underline;\"><\/span><\/strong><\/p>\n\n\n\n<p><\/p>\n","protected":false},"excerpt":{"rendered":"<p>Hundesportfreunde &#8217;93 Gangelt e.V. Bundesstra\u00dfe 1152538 Gangelt Telefon: 02454 8589 oder 02451 68666E-Mail: info@hsf93.deInternet: www.hsf93.de Vereinsgel\u00e4nde\/Platzanlage Ort: 52538 Gangelt \u2013&hellip;<\/p>\n","protected":false},"author":1,"featured_media":0,"parent":0,"menu_order":0,"comment_status":"closed","ping_status":"closed","template":"","meta":{"footnotes":""},"class_list":["post-347","page","type-page","status-publish","hentry"],"jetpack_sharing_enabled":true,"_links":{"self":[{"href":"https:\/\/hsf93.de\/index.php?rest_route=\/wp\/v2\/pages\/347","targetHints":{"allow":["GET"]}}],"collection":[{"href":"https:\/\/hsf93.de\/index.php?rest_route=\/wp\/v2\/pages"}],"about":[{"href":"https:\/\/hsf93.de\/index.php?rest_route=\/wp\/v2\/types\/page"}],"author":[{"embeddable":true,"href":"https:\/\/hsf93.de\/index.php?rest_route=\/wp\/v2\/users\/1"}],"replies":[{"embeddable":true,"href":"https:\/\/hsf93.de\/index.php?rest_route=%2Fwp%2Fv2%2Fcomments&post=347"}],"version-history":[{"count":16,"href":"https:\/\/hsf93.de\/index.php?rest_route=\/wp\/v2\/pages\/347\/revisions"}],"predecessor-version":[{"id":873,"href":"https:\/\/hsf93.de\/index.php?rest_route=\/wp\/v2\/pages\/347\/revisions\/873"}],"wp:attachment":[{"href":"https:\/\/hsf93.de\/index.php?rest_route=%2Fwp%2Fv2%2Fmedia&parent=347"}],"curies":[{"name":"wp","href":"https:\/\/api.w.org\/{rel}","templated":true}]}}