{"id":563,"date":"2020-06-19T18:49:15","date_gmt":"2020-06-19T18:49:15","guid":{"rendered":"http:\/\/hsf93.de\/?page_id=563"},"modified":"2020-06-19T18:49:16","modified_gmt":"2020-06-19T18:49:16","slug":"basisausbildung","status":"publish","type":"page","link":"https:\/\/hsf93.de\/?page_id=563","title":{"rendered":"Basisausbildung"},"content":{"rendered":"\n<p><strong>Fit und\ngesund durch Sport mit dem Hund!<\/strong><\/p>\n\n\n\n<p>An erster Stelle steht der Spa\u00df des\nMensch-Hund-Teams bei gemeinsamen sportlichen Aktivit\u00e4ten. Voraussetzung f\u00fcr\ndie Teilnahme an Turnieren und Wettk\u00e4mpfen ist das Ablegen der sogenannten\nBegleithundepr\u00fcfung im Zuge der Basisausbildung.<\/p>\n\n\n\n<p>Auch Hundehalter ohne\nTurnierambitionen, die ihren Hund \u00fcber den Grundgehorsam hinaus f\u00f6rdern,\nfordern und an einer Begleithundepr\u00fcfung teilnehmen m\u00f6chten, sind herzlich\nwillkommen. <\/p>\n\n\n\n<p><strong><em>Was ist die\nBegleithundepr\u00fcfung?<\/em><\/strong><\/p>\n\n\n\n<p>In der Pr\u00fcfung zum Begleithund wird\ndie Unbefangenheit, der Gehorsam, die Verkehrssicherheit und die\nSozialvertr\u00e4glichkeit des Hundes auf die Probe gestellt und von einem\nunabh\u00e4ngigen Richter bewertet. Die F\u00e4higkeiten und das Miteinander des Teams\nwerden in mehreren Pr\u00fcfungsteilen beurteilt:<\/p>\n\n\n\n<p><strong>Pr\u00fcfungsteil: Sachkundenachweis (SKN)<\/strong><\/p>\n\n\n\n<p>Mit einem Sachkundetest muss der\nHundehalter vor Beginn des praktischen Teils der Pr\u00fcfung zun\u00e4chst nachweisen,\ndass er \u00fcber das notwendige Grundwissen der Hundehaltung verf\u00fcgt. Dieser Test\nkann auch vor der Pr\u00fcfung u.a. bei ortsans\u00e4ssigen, anerkannten Tier\u00e4rzten oder\nbeim Veterin\u00e4ramt ablegt werden. <\/p>\n\n\n\n<p>Hat der ausgewachsene Hund eine\nWiderristh\u00f6he von mindestens 40 cm oder wird ein Gewicht von mindestens 20 kg\nerreichen, ist der Sachkundenachweis in Nordrhein-Westfalen Pflicht &#8211;\nunabh\u00e4ngig von der Absicht, eine BH-Pr\u00fcfung machen zu wollen (Referenz:\nLandeshundegesetz NRW).<\/p>\n\n\n\n<p><strong>Pr\u00fcfungsteil: Identifikation und Unbefangenheitpr\u00fcfung des Hundes<\/strong><\/p>\n\n\n\n<p>Mit Hilfe des Chips oder einer\nT\u00e4towierung wird die Identit\u00e4t des Hundes festgestellt. Im Zuge dieser\nFeststellung pr\u00fcft der Richter auch die Unbefangenheit des Hundes. Der Hund\nsollte dabei nicht aggressiv oder \u00fcberm\u00e4\u00dfig \u00e4ngstlich reagieren. Es wird\nw\u00e4hrend des gesamten Pr\u00fcfungstages beurteilt, ob der Hund unbefangen ist. <\/p>\n\n\n\n<p><strong>Pr\u00fcfungsteil: Unterordnung<\/strong><\/p>\n\n\n\n<p>Dieser Teil findet auf der\nPlatzanlage unseres Vereins statt. In mehreren \u00dcbungen wird dabei mit und ohne\nLeine der Gehorsam und die Teamarbeit bewertet. Hierzu z\u00e4hlt u.a. die\nLeinenf\u00fchrigkeit und Freifolge in verschiedenen Tempi, Winkeln und Wendungen\nnach einem festen Schema. Das Beherrschen des Sitz&#8216; und Platz&#8216; wird ebenfalls\nin verschiedenen, vorgeschriebenen \u00dcbungen abgefragt.<\/p>\n\n\n\n<p><strong>Pr\u00fcfungsteil: Verkehr-\/ Au\u00dfenteil<\/strong><\/p>\n\n\n\n<p>Im letzten Teil der\nBegleithundepr\u00fcfung werden real m\u00f6gliche Situationen im \u00f6ffentlichen Raum\nbewertet. H\u00e4ufig wird als Pr\u00fcfungsort daf\u00fcr ein Parkplatz oder ein anderer gut\nbesuchter Ort gew\u00e4hlt. Neben Verhalten gegen\u00fcber anderen Menschen, Hunden,\nFahrradfahrern u.\u00c4. wird auch das Verhalten im normalen Stra\u00dfenverkehr gepr\u00fcft.<\/p>\n\n\n\n<p><strong>Vorausetzungen\nzur Teilnahme an einer Begleithundepr\u00fcfung<\/strong><\/p>\n\n\n\n<p>Der Hund muss:<\/p>\n\n\n\n<p>&#8211; gesund und geimpft sein,<\/p>\n\n\n\n<p>&#8211; das Alter von 15 Monaten vollendet\nhaben und<\/p>\n\n\n\n<p>&#8211; muss mittels Chip oder T\u00e4towierung\neindeutig identifizierbar sein.<\/p>\n\n\n\n<p>Der Halter\/ Hundef\u00fchrer muss:<\/p>\n\n\n\n<p>&#8211; eine Haftpflichtversicherung des\nHundes besitzen und <\/p>\n\n\n\n<p>&#8211; Mitglied in einem dem VDH (Verband\nf\u00fcr das deutsche Hundewesen) angeschlossenen Vereins sein.<\/p>\n\n\n\n<p>F\u00fcr die Pr\u00fcfung gilt die aktuelle\nInternationale Pr\u00fcfungsordnung der FCI (F\u00e9deration Cynologique Internationale)\nvom 01.Januar 2019. Der Leitfaden ist bei uns im Verein erh\u00e4ltlich.<\/p>\n\n\n\n<p><strong>Haben wir\nDein Interesse geweckt oder solltest Du noch Fragen haben, kontaktiere uns\nunter:<\/strong> <\/p>\n\n\n\n<p><a href=\"meilto:ausbilder@hsf93.de\">ausbilder@hsf93.de<\/a> <\/p>\n","protected":false},"excerpt":{"rendered":"<p>Fit und gesund durch Sport mit dem Hund! An erster Stelle steht der Spa\u00df des Mensch-Hund-Teams bei gemeinsamen sportlichen Aktivit\u00e4ten.&hellip;<\/p>\n","protected":false},"author":5,"featured_media":0,"parent":0,"menu_order":0,"comment_status":"closed","ping_status":"closed","template":"","meta":{"footnotes":""},"class_list":["post-563","page","type-page","status-publish","hentry"],"jetpack_sharing_enabled":true,"_links":{"self":[{"href":"https:\/\/hsf93.de\/index.php?rest_route=\/wp\/v2\/pages\/563","targetHints":{"allow":["GET"]}}],"collection":[{"href":"https:\/\/hsf93.de\/index.php?rest_route=\/wp\/v2\/pages"}],"about":[{"href":"https:\/\/hsf93.de\/index.php?rest_route=\/wp\/v2\/types\/page"}],"author":[{"embeddable":true,"href":"https:\/\/hsf93.de\/index.php?rest_route=\/wp\/v2\/users\/5"}],"replies":[{"embeddable":true,"href":"https:\/\/hsf93.de\/index.php?rest_route=%2Fwp%2Fv2%2Fcomments&post=563"}],"version-history":[{"count":1,"href":"https:\/\/hsf93.de\/index.php?rest_route=\/wp\/v2\/pages\/563\/revisions"}],"predecessor-version":[{"id":564,"href":"https:\/\/hsf93.de\/index.php?rest_route=\/wp\/v2\/pages\/563\/revisions\/564"}],"wp:attachment":[{"href":"https:\/\/hsf93.de\/index.php?rest_route=%2Fwp%2Fv2%2Fmedia&parent=563"}],"curies":[{"name":"wp","href":"https:\/\/api.w.org\/{rel}","templated":true}]}}